{"id":11,"date":"2015-05-21T08:27:54","date_gmt":"2015-05-21T08:27:54","guid":{"rendered":"http:\/\/ontime.brainstorm.es\/?page_id=11"},"modified":"2015-05-21T08:27:54","modified_gmt":"2015-05-21T08:27:54","slug":"enlaces","status":"publish","type":"page","link":"http:\/\/ontime.brainstorm3d.com\/?page_id=11","title":{"rendered":"Enlaces"},"content":{"rendered":"<p><strong>Organismos oficiales<\/strong><\/p>\n<ul>\n<li><a href=\"http:\/\/www.minetur.gob.es\/es-ES\/Paginas\/index.aspx\">Ministerio de Industria, Energ\u00eda y Turismo<\/a><\/li>\n<\/ul>\n<p><strong>Socios<\/strong><\/p>\n<ul>\n<li><a title=\"Inaer\" href=\"http:\/\/www.inaer.com\">Inaer<\/a><\/li>\n<li><a title=\"Grupo Alava Ingenieros\" href=\"http:\/\/www.alava-ing.es\/\">Grupo Alava Ingenieros<\/a><\/li>\n<li><a title=\"Hispasat\" href=\"http:\/\/www.hispasat.com\/\">Hispasat<\/a><\/li>\n<li><a title=\"Universidad de Alicante Grupo Investigaci\u00f3n Aurova\" href=\"http:\/\/www.aurova.ua.es\">Universidad de Alicante Grupo Investigaci\u00f3n Aurova<\/a><\/li>\n<li><a title=\"Universidad de Alicante Grupo de Geom\u00e9tica\" href=\"http:\/\/iig.ua.es\/es\/geomatica\/laboratorio-de-geomatica.html\">Universidad de Alicante Grupo de Geom\u00e9tica<\/a><\/li>\n<li><a title=\"Universidad de Cordoba - Departamento de Ingenier\u00eda Forestal\" href=\"http:\/\/www.uco.es\/organiza\/departamentos\/ingforestal\/grupos-investigacion\/rnm-360.php\">Universidad de Cordoba (Departamento de Ingenier\u00eda Forestal)<\/a><\/li>\n<li><a title=\"Instituto Tecnol\u00f3gico de Inform\u00e1tica - UPV\" href=\"http:\/\/www.iti.es\">Universidad Polit\u00e9cnica de Valencia Instituto Tecnol\u00f3gico de Inform\u00e1tica<\/a><\/li>\n<li><a title=\"Brainstorm Multimedia\" href=\"http:\/\/www.brainstorm.es\">Brainstorm Multimedia S.L.<\/a><\/li>\n<\/ul>\n","protected":false},"excerpt":{"rendered":"<p>Organismos oficiales Ministerio de Industria, Energ\u00eda y Turismo Socios Inaer Grupo Alava Ingenieros Hispasat Universidad de Alicante Grupo Investigaci\u00f3n Aurova Universidad de Alicante Grupo de Geom\u00e9tica Universidad de Cordoba (Departamento de Ingenier\u00eda Forestal) Universidad Polit\u00e9cnica de Valencia Instituto Tecnol\u00f3gico de &hellip; <a href=\"http:\/\/ontime.brainstorm3d.com\/?page_id=11\">Continue reading <span class=\"meta-nav\">&rarr;<\/span><\/a><\/p>\n","protected":false},"author":1,"featured_media":0,"parent":0,"menu_order":0,"comment_status":"closed","ping_status":"closed","template":"","meta":[],"_links":{"self":[{"href":"http:\/\/ontime.brainstorm3d.com\/index.php?rest_route=\/wp\/v2\/pages\/11"}],"collection":[{"href":"http:\/\/ontime.brainstorm3d.com\/index.php?rest_route=\/wp\/v2\/pages"}],"about":[{"href":"http:\/\/ontime.brainstorm3d.com\/index.php?rest_route=\/wp\/v2\/types\/page"}],"author":[{"embeddable":true,"href":"http:\/\/ontime.brainstorm3d.com\/index.php?rest_route=\/wp\/v2\/users\/1"}],"replies":[{"embeddable":true,"href":"http:\/\/ontime.brainstorm3d.com\/index.php?rest_route=%2Fwp%2Fv2%2Fcomments&post=11"}],"version-history":[{"count":1,"href":"http:\/\/ontime.brainstorm3d.com\/index.php?rest_route=\/wp\/v2\/pages\/11\/revisions"}],"predecessor-version":[{"id":12,"href":"http:\/\/ontime.brainstorm3d.com\/index.php?rest_route=\/wp\/v2\/pages\/11\/revisions\/12"}],"wp:attachment":[{"href":"http:\/\/ontime.brainstorm3d.com\/index.php?rest_route=%2Fwp%2Fv2%2Fmedia&parent=11"}],"curies":[{"name":"wp","href":"https:\/\/api.w.org\/{rel}","templated":true}]}}