{"id":13,"date":"2015-05-21T08:28:12","date_gmt":"2015-05-21T08:28:12","guid":{"rendered":"http:\/\/ontime.brainstorm.es\/?page_id=13"},"modified":"2015-05-21T10:16:25","modified_gmt":"2015-05-21T10:16:25","slug":"consorcio","status":"publish","type":"page","link":"http:\/\/ontime.brainstorm3d.com\/?page_id=13","title":{"rendered":"Consorcio"},"content":{"rendered":"<p style=\"text-align: justify;\">El desarrollo de OnTime integra un grupo de trabajo multidisciplinar que garantizar\u00e1 el \u00e9xito del desarrollo del proyecto y la correcta explotaci\u00f3n de los resultados obtenidos. El consorcio est\u00e1 formado por las siguientes empresas:<\/p>\n<table>\n<tbody>\n<tr>\n<td width=\"288\">\n<a href=\"http:\/\/www.inaer.com\"><img decoding=\"async\" class=\"alignleft size-full wp-image-37\" title=\"Inaer\" src=\"http:\/\/ontime.brainstorm.es\/wp-content\/uploads\/2015\/05\/inaer.jpg\"\/ width=\"150\"><br \/>\n<\/a>\n<\/td>\n<td width=\"288\">\n<a href=\"http:\/\/www.brainstorm.es\"><img decoding=\"async\" class=\"alignleft size-full wp-image-37\" title=\"Brainstorm\" src=\"http:\/\/ontime.brainstorm.es\/wp-content\/uploads\/2015\/05\/brainstorm.jpg\"\/><br \/>\n<\/a>\n<\/td>\n<\/tr>\n<tr>\n<td width=\"288\">\n<a href=\"http:\/\/www.alava-ing.es\"><img decoding=\"async\" class=\"alignleft size-full wp-image-37\" title=\"Alava ingenieros\" src=\"http:\/\/ontime.brainstorm.es\/wp-content\/uploads\/2015\/05\/alava.jpg\"\/><br \/>\n<\/a>\n<\/td>\n<td width=\"288\">\n<a href=\"http:\/\/www.hispasat.com\"><img decoding=\"async\" class=\"alignleft size-full wp-image-37\" title=\"Hispasat\" src=\"http:\/\/ontime.brainstorm.es\/wp-content\/uploads\/2015\/05\/hispasat.jpg\"\/><br \/>\n<\/a>\n<\/td>\n<\/tr>\n<tr>\n<td width=\"288\">\n<a href=\"www.aurova.ua.es\"><img decoding=\"async\" class=\"alignleft size-full wp-image-37\" title=\"Grupo Investigaci\u00f3n Aurova - UA\" src=\"http:\/\/ontime.brainstorm.es\/wp-content\/uploads\/2015\/05\/ua.jpg\"\/><br \/>\n<\/a>\n<\/td>\n<td width=\"288\">\n<a href=\"http:\/\/www.iti.es\"><img decoding=\"async\" class=\"alignleft size-full wp-image-37\" title=\"Instituto Tecnol\u00f3gico de Inform\u00e1tica - UPV\" src=\"http:\/\/ontime.brainstorm.es\/wp-content\/uploads\/2015\/05\/upv.jpg\"\/><br \/>\n<\/a>\n<\/td>\n<\/tr>\n<tr>\n<td width=\"288\">\n<a href=\"http:\/\/www.uco.es\/organiza\/departamentos\/ingforestal\/grupos-investigacion\/rnm-360.php\"><img decoding=\"async\" class=\"alignleft size-full wp-image-37\" title=\"Departamento de Ingenier\u00eda Forestal - UCO\" src=\"http:\/\/ontime.brainstorm.es\/wp-content\/uploads\/2015\/05\/uco.jpg\"\/><br \/>\n<\/a>\n<\/td>\n<td width=\"288\">\n<\/td>\n<\/tr>\n<\/tbody>\n<\/table>\n","protected":false},"excerpt":{"rendered":"<p>El desarrollo de OnTime integra un grupo de trabajo multidisciplinar que garantizar\u00e1 el \u00e9xito del desarrollo del proyecto y la correcta explotaci\u00f3n de los resultados obtenidos. El consorcio est\u00e1 formado por las siguientes empresas:<\/p>\n","protected":false},"author":1,"featured_media":0,"parent":0,"menu_order":0,"comment_status":"closed","ping_status":"closed","template":"","meta":[],"_links":{"self":[{"href":"http:\/\/ontime.brainstorm3d.com\/index.php?rest_route=\/wp\/v2\/pages\/13"}],"collection":[{"href":"http:\/\/ontime.brainstorm3d.com\/index.php?rest_route=\/wp\/v2\/pages"}],"about":[{"href":"http:\/\/ontime.brainstorm3d.com\/index.php?rest_route=\/wp\/v2\/types\/page"}],"author":[{"embeddable":true,"href":"http:\/\/ontime.brainstorm3d.com\/index.php?rest_route=\/wp\/v2\/users\/1"}],"replies":[{"embeddable":true,"href":"http:\/\/ontime.brainstorm3d.com\/index.php?rest_route=%2Fwp%2Fv2%2Fcomments&post=13"}],"version-history":[{"count":10,"href":"http:\/\/ontime.brainstorm3d.com\/index.php?rest_route=\/wp\/v2\/pages\/13\/revisions"}],"predecessor-version":[{"id":73,"href":"http:\/\/ontime.brainstorm3d.com\/index.php?rest_route=\/wp\/v2\/pages\/13\/revisions\/73"}],"wp:attachment":[{"href":"http:\/\/ontime.brainstorm3d.com\/index.php?rest_route=%2Fwp%2Fv2%2Fmedia&parent=13"}],"curies":[{"name":"wp","href":"https:\/\/api.w.org\/{rel}","templated":true}]}}