{"id":9,"date":"2015-05-21T08:19:58","date_gmt":"2015-05-21T08:19:58","guid":{"rendered":"http:\/\/ontime.brainstorm.es\/?page_id=9"},"modified":"2015-05-21T10:35:30","modified_gmt":"2015-05-21T10:35:30","slug":"resultados","status":"publish","type":"page","link":"http:\/\/ontime.brainstorm3d.com\/?page_id=9","title":{"rendered":"Resultados"},"content":{"rendered":"<p style=\"text-align: justify;\">El proyecto se encuentra al principio de su desarrollo pero ya se han realizado algunos avances.<\/p>\n<p style=\"text-align: justify;\">Se estan realizando actualemte los desarrollos de <strong><em>Interfaces Virtuales de Operaci\u00f3n y Navegaci\u00f3n <\/em><\/strong>y se centran en la visualizaci\u00f3n en tiempo real de los diferentes contenidos e informaci\u00f3n disponible en el sistema, adem\u00e1s de los datos de navegaci\u00f3n necesarios para el control del RPA. Se han planteado dos posibles modos generales de visualizaci\u00f3n [2D (Vista de mapa) y 3D (Vista a\u00e9rea)] en los cuales la mayor parte de los contenidos est\u00e1n compartidos pero difieren en el aspecto visual con el que se presentan.<\/p>\n<p><a href=\"http:\/\/ontime.brainstorm.es\/wp-content\/uploads\/2015\/05\/control.jpg\"><img decoding=\"async\" loading=\"lazy\" class=\" size-medium wp-image-76 aligncenter\" src=\"http:\/\/ontime.brainstorm.es\/wp-content\/uploads\/2015\/05\/control-300x225.jpg\" alt=\"control\" width=\"300\" height=\"225\" srcset=\"http:\/\/ontime.brainstorm3d.com\/wp-content\/uploads\/2015\/05\/control-300x225.jpg 300w, http:\/\/ontime.brainstorm3d.com\/wp-content\/uploads\/2015\/05\/control.jpg 480w\" sizes=\"(max-width: 300px) 100vw, 300px\" \/><\/a><\/p>\n<p style=\"text-align: justify;\">Se han iniciado las pruebas para elaborar un sistema de importaci\u00f3n de datos de elevaci\u00f3n de terreno que a partir de la informaci\u00f3n almacenada en archivos .dem (Digital Elevation Model) genera un archivo de geometr\u00eda 3D que imita la orograf\u00eda del terreno correspondiente. Se est\u00e1 analizando la forma de poder generar dichas geometr\u00edas con diferentes resoluciones de malla para determinar el nivel de detalle m\u00e1s adecuado para su uso.<\/p>\n<p><a href=\"http:\/\/ontime.brainstorm.es\/wp-content\/uploads\/2015\/05\/resolutions.jpg\"><img decoding=\"async\" loading=\"lazy\" class=\" size-full wp-image-79 aligncenter\" src=\"http:\/\/ontime.brainstorm.es\/wp-content\/uploads\/2015\/05\/resolutions.jpg\" alt=\"resolutions\" width=\"600\" height=\"160\" srcset=\"http:\/\/ontime.brainstorm3d.com\/wp-content\/uploads\/2015\/05\/resolutions.jpg 600w, http:\/\/ontime.brainstorm3d.com\/wp-content\/uploads\/2015\/05\/resolutions-300x80.jpg 300w\" sizes=\"(max-width: 600px) 100vw, 600px\" \/><\/a><\/p>\n<p style=\"text-align: justify;\">Se ha realizado un an\u00e1lisis de las diferentes caracter\u00edsticas que deber\u00e1 presentar el sistema de visualizaci\u00f3n. Para el modo 3D este tendr\u00e1 un aspecto similar al del HUD de una aeronave, mostrando en primer plano y de manera superpuesta al resto de contenidos la informaci\u00f3n presentada.<\/p>\n<p style=\"text-align: justify;\">Tambien se han iniciado los desarrollos sobre <em><strong>Adaptaci\u00f3n de HMD y Sistemas de head tracking<\/strong>.<\/em> Para ello se ha realizado el estudio del estado del arte de los HMD (Head Mounted Display) y en concreto del producto <strong>Oculus Rift<\/strong>. Este casco de realidad virtual ha cogido gran popularidad en los \u00faltimos tiempos gracias a su comedido precio y a la posibilidad de ofrecer imagen estereosc\u00f3pica, es por ello que este dispositivo ha sido el elegido. Dado que el casco, desarrollado por la empresa Oculus VR, es todav\u00eda un prototipo y dispone de varias versiones, se ha optado por el \u00faltimo disponible, el Development Kit 2 o m\u00e1s com\u00fanmente conocido como DK2.<\/p>\n<p><a href=\"http:\/\/ontime.brainstorm.es\/wp-content\/uploads\/2015\/05\/oculus.jpg\"><img decoding=\"async\" loading=\"lazy\" class=\" size-medium wp-image-77 aligncenter\" src=\"http:\/\/ontime.brainstorm.es\/wp-content\/uploads\/2015\/05\/oculus-300x169.jpg\" alt=\"oculus\" width=\"300\" height=\"169\" srcset=\"http:\/\/ontime.brainstorm3d.com\/wp-content\/uploads\/2015\/05\/oculus-300x169.jpg 300w, http:\/\/ontime.brainstorm3d.com\/wp-content\/uploads\/2015\/05\/oculus.jpg 500w\" sizes=\"(max-width: 300px) 100vw, 300px\" \/><\/a><\/p>\n","protected":false},"excerpt":{"rendered":"<p>El proyecto se encuentra al principio de su desarrollo pero ya se han realizado algunos avances. Se estan realizando actualemte los desarrollos de Interfaces Virtuales de Operaci\u00f3n y Navegaci\u00f3n y se centran en la visualizaci\u00f3n en tiempo real de los &hellip; <a href=\"http:\/\/ontime.brainstorm3d.com\/?page_id=9\">Continue reading <span class=\"meta-nav\">&rarr;<\/span><\/a><\/p>\n","protected":false},"author":1,"featured_media":0,"parent":0,"menu_order":0,"comment_status":"closed","ping_status":"closed","template":"","meta":[],"_links":{"self":[{"href":"http:\/\/ontime.brainstorm3d.com\/index.php?rest_route=\/wp\/v2\/pages\/9"}],"collection":[{"href":"http:\/\/ontime.brainstorm3d.com\/index.php?rest_route=\/wp\/v2\/pages"}],"about":[{"href":"http:\/\/ontime.brainstorm3d.com\/index.php?rest_route=\/wp\/v2\/types\/page"}],"author":[{"embeddable":true,"href":"http:\/\/ontime.brainstorm3d.com\/index.php?rest_route=\/wp\/v2\/users\/1"}],"replies":[{"embeddable":true,"href":"http:\/\/ontime.brainstorm3d.com\/index.php?rest_route=%2Fwp%2Fv2%2Fcomments&post=9"}],"version-history":[{"count":7,"href":"http:\/\/ontime.brainstorm3d.com\/index.php?rest_route=\/wp\/v2\/pages\/9\/revisions"}],"predecessor-version":[{"id":83,"href":"http:\/\/ontime.brainstorm3d.com\/index.php?rest_route=\/wp\/v2\/pages\/9\/revisions\/83"}],"wp:attachment":[{"href":"http:\/\/ontime.brainstorm3d.com\/index.php?rest_route=%2Fwp%2Fv2%2Fmedia&parent=9"}],"curies":[{"name":"wp","href":"https:\/\/api.w.org\/{rel}","templated":true}]}}